{"id":1383,"date":"2023-05-05T22:38:39","date_gmt":"2023-05-05T22:38:39","guid":{"rendered":"http:\/\/yourinnerdreams.com\/?page_id=1383"},"modified":"2023-05-06T00:02:41","modified_gmt":"2023-05-06T00:02:41","slug":"about","status":"publish","type":"page","link":"https:\/\/yourinnerdreams.com\/es\/about\/","title":{"rendered":"Sobre"},"content":{"rendered":"<div data-elementor-type=\"wp-page\" data-elementor-id=\"1383\" class=\"elementor elementor-1383\">\n\t\t\t\t\t\t<section class=\"elementor-section elementor-top-section elementor-element elementor-element-57afec61 elementor-section-boxed elementor-section-height-default elementor-section-height-default\" data-id=\"57afec61\" data-element_type=\"section\" data-e-type=\"section\">\n\t\t\t\t\t\t<div class=\"elementor-container elementor-column-gap-default\">\n\t\t\t\t\t<div class=\"elementor-column elementor-col-100 elementor-top-column elementor-element elementor-element-6b301b59\" data-id=\"6b301b59\" data-element_type=\"column\" data-e-type=\"column\">\n\t\t\t<div class=\"elementor-widget-wrap elementor-element-populated\">\n\t\t\t\t\t\t<div class=\"elementor-element elementor-element-fcbf878 elementor-widget elementor-widget-spacer\" data-id=\"fcbf878\" data-element_type=\"widget\" data-e-type=\"widget\" data-widget_type=\"spacer.default\">\n\t\t\t\t<div class=\"elementor-widget-container\">\n\t\t\t\t\t\t\t<div class=\"elementor-spacer\">\n\t\t\t<div class=\"elementor-spacer-inner\"><\/div>\n\t\t<\/div>\n\t\t\t\t\t\t<\/div>\n\t\t\t\t<\/div>\n\t\t\t\t<div class=\"elementor-element elementor-element-57863f3 elementor-widget elementor-widget-heading\" data-id=\"57863f3\" data-element_type=\"widget\" data-e-type=\"widget\" data-widget_type=\"heading.default\">\n\t\t\t\t<div class=\"elementor-widget-container\">\n\t\t\t\t\t<h2 class=\"elementor-heading-title elementor-size-default\">Sobre Your Inner Dreams Life Coaching<\/h2>\t\t\t\t<\/div>\n\t\t\t\t<\/div>\n\t\t\t\t<div class=\"elementor-element elementor-element-4a67204 elementor-widget elementor-widget-text-editor\" data-id=\"4a67204\" data-element_type=\"widget\" data-e-type=\"widget\" data-widget_type=\"text-editor.default\">\n\t\t\t\t<div class=\"elementor-widget-container\">\n\t\t\t\t\t\t\t\t\t<p><span style=\"font-weight: 400;\">Bienvenida a Your Inner Dreams Life Coaching, donde ofrecemos asesoramiento personal y profesional a mujeres de todos los or\u00edgenes \u00e9tnicos para que descubran su propio potencial y se conviertan en quienes siempre han so\u00f1ado ser.<\/span><\/p><p>\u00a0<\/p><p><span style=\"font-weight: 400;\">Todas las personas tienen una capacidad interior que a menudo no desarrollan al m\u00e1ximo. Vivir todo tu potencial te har\u00e1 libre para alcanzar tus objetivos m\u00e1s deseados, hacer realidad tus sue\u00f1os y vivir la vida plenamente.\u00a0<\/span><\/p><p>\u00a0<\/p><p><span style=\"font-weight: 400;\">A trav\u00e9s de tu compromiso con el crecimiento personal y profesional, los servicios de Your Inner Dreams Life Coaching te guiar\u00e1n y apoyar\u00e1n en tu viaje personal hacia una vida plena y exitosa para ti y los que te rodean.<\/span><\/p>\t\t\t\t\t\t\t\t<\/div>\n\t\t\t\t<\/div>\n\t\t\t\t<div class=\"elementor-element elementor-element-cb3028e elementor-widget elementor-widget-heading\" data-id=\"cb3028e\" data-element_type=\"widget\" data-e-type=\"widget\" data-widget_type=\"heading.default\">\n\t\t\t\t<div class=\"elementor-widget-container\">\n\t\t\t\t\t<h6 class=\"elementor-heading-title elementor-size-default\">Elisa DeJesus, M.S.<br>Fundadora y Presidenta de Your Inner Dreams Life Coaching\n<\/h6>\t\t\t\t<\/div>\n\t\t\t\t<\/div>\n\t\t\t\t<section class=\"elementor-section elementor-inner-section elementor-element elementor-element-e6cb453 elementor-section-boxed elementor-section-height-default elementor-section-height-default\" data-id=\"e6cb453\" data-element_type=\"section\" data-e-type=\"section\">\n\t\t\t\t\t\t<div class=\"elementor-container elementor-column-gap-default\">\n\t\t\t\t\t<div class=\"elementor-column elementor-col-50 elementor-inner-column elementor-element elementor-element-1e8e4f6\" data-id=\"1e8e4f6\" data-element_type=\"column\" data-e-type=\"column\">\n\t\t\t<div class=\"elementor-widget-wrap elementor-element-populated\">\n\t\t\t\t\t\t<div class=\"elementor-element elementor-element-5e49f91 elementor-widget elementor-widget-image\" data-id=\"5e49f91\" data-element_type=\"widget\" data-e-type=\"widget\" data-widget_type=\"image.default\">\n\t\t\t\t<div class=\"elementor-widget-container\">\n\t\t\t\t\t\t\t\t\t\t\t\t\t\t\t<img loading=\"lazy\" decoding=\"async\" width=\"480\" height=\"600\" src=\"https:\/\/i0.wp.com\/yourinnerdreams.com\/wp-content\/uploads\/2020\/02\/ElisaDeJesus-480px-medium.jpg?fit=480%2C600&amp;ssl=1\" class=\"attachment-large size-large wp-image-735\" alt=\"\" srcset=\"https:\/\/i0.wp.com\/yourinnerdreams.com\/wp-content\/uploads\/2020\/02\/ElisaDeJesus-480px-medium.jpg?w=480&amp;ssl=1 480w, https:\/\/i0.wp.com\/yourinnerdreams.com\/wp-content\/uploads\/2020\/02\/ElisaDeJesus-480px-medium.jpg?resize=240%2C300&amp;ssl=1 240w, https:\/\/i0.wp.com\/yourinnerdreams.com\/wp-content\/uploads\/2020\/02\/ElisaDeJesus-480px-medium.jpg?resize=48%2C60&amp;ssl=1 48w\" sizes=\"auto, (max-width: 480px) 100vw, 480px\" \/>\t\t\t\t\t\t\t\t\t\t\t\t\t\t\t<\/div>\n\t\t\t\t<\/div>\n\t\t\t\t\t<\/div>\n\t\t<\/div>\n\t\t\t\t<div class=\"elementor-column elementor-col-50 elementor-inner-column elementor-element elementor-element-9689d5c\" data-id=\"9689d5c\" data-element_type=\"column\" data-e-type=\"column\">\n\t\t\t<div class=\"elementor-widget-wrap elementor-element-populated\">\n\t\t\t\t\t\t<div class=\"elementor-element elementor-element-03444d6 elementor-widget elementor-widget-text-editor\" data-id=\"03444d6\" data-element_type=\"widget\" data-e-type=\"widget\" data-widget_type=\"text-editor.default\">\n\t\t\t\t<div class=\"elementor-widget-container\">\n\t\t\t\t\t\t\t\t\t<p><span style=\"font-weight: 400;\">Como profesional en el campo de los servicios humanos durante m\u00e1s de treinta a\u00f1os, he guiado y apoyado a personas de todos los or\u00edgenes en sus carreras profesionales de servicios humanos para que se conviertan en los mejores profesionales que puedan ser. En el proceso, muchos de ellos, en particular las mujeres, han descubierto su propia vocaci\u00f3n vital y han realizado con \u00e9xito la transici\u00f3n a carreras que satisfacen sus sue\u00f1os.<\/span><\/p><p>\u00a0<\/p><p><span style=\"font-weight: 400;\">Mi pasi\u00f3n siempre ha sido ayudar a mujeres de todas las edades y or\u00edgenes culturales a descubrir todo su potencial, establecer objetivos realistas y alcanzar sus sue\u00f1os interiores, encontrando en \u00faltima instancia su prop\u00f3sito en la vida.<\/span><\/p><p>\u00a0<\/p><p><span style=\"font-weight: 400;\">Creo que cada individuo tiene un prop\u00f3sito especial en la vida y que todos somos iguales y diferentes al mismo tiempo. Nuestras diferencias nos hacen individuos \u00fanicos y son una fuente de enriquecimiento para la vida de todos una vez que aprendemos a reconocer, respetar, aceptar y abrazar nuestras diferencias.<\/span><\/p><p>\u00a0<\/p><p><span style=\"font-weight: 400;\">Ser\u00eda un honor para m\u00ed trabajar contigo mientras te embarcas en tu propio viaje para descubrir todo tu potencial y el prop\u00f3sito de tu vida.<\/span><\/p><p>\u00a0<\/p><p><span style=\"font-weight: 400;\">Tengo una bachillerato en Servicios Humanos de la Universidad de Puerto Rico y una Maestr\u00eda en Ciencias en Terapia Matrimonial y Familiar de la Universidad de Rochester.<\/span><\/p>\t\t\t\t\t\t\t\t<\/div>\n\t\t\t\t<\/div>\n\t\t\t\t\t<\/div>\n\t\t<\/div>\n\t\t\t\t\t<\/div>\n\t\t<\/section>\n\t\t\t\t\t<\/div>\n\t\t<\/div>\n\t\t\t\t\t<\/div>\n\t\t<\/section>\n\t\t\t\t<\/div>","protected":false},"excerpt":{"rendered":"<p>About Your Inner Dreams Life Coaching Welcome to Your Inner Dreams Life Coaching, where we offer personal and professional advice to women of all ethnic backgrounds to discover their own potential and become who they have always dreamed of being. \u00a0 All people have an inner capacity that they often do not develop to the&hellip;&nbsp;<a href=\"https:\/\/yourinnerdreams.com\/es\/about\/\" rel=\"bookmark\">Read More &raquo;<span class=\"screen-reader-text\">Sobre<\/span><\/a><\/p>","protected":false},"author":1,"featured_media":0,"parent":0,"menu_order":0,"comment_status":"closed","ping_status":"closed","template":"","meta":{"nf_dc_page":"","om_disable_all_campaigns":false,"_monsterinsights_skip_tracking":false,"_monsterinsights_sitenote_active":false,"_monsterinsights_sitenote_note":"","_monsterinsights_sitenote_category":0,"neve_meta_sidebar":"","neve_meta_container":"","neve_meta_enable_content_width":"off","neve_meta_content_width":100,"neve_meta_title_alignment":"","neve_meta_author_avatar":"","neve_post_elements_order":"","neve_meta_disable_header":"","neve_meta_disable_footer":"","neve_meta_disable_title":"","footnotes":""},"class_list":["post-1383","page","type-page","status-publish","hentry"],"jetpack_sharing_enabled":true,"_links":{"self":[{"href":"https:\/\/yourinnerdreams.com\/es\/wp-json\/wp\/v2\/pages\/1383","targetHints":{"allow":["GET"]}}],"collection":[{"href":"https:\/\/yourinnerdreams.com\/es\/wp-json\/wp\/v2\/pages"}],"about":[{"href":"https:\/\/yourinnerdreams.com\/es\/wp-json\/wp\/v2\/types\/page"}],"author":[{"embeddable":true,"href":"https:\/\/yourinnerdreams.com\/es\/wp-json\/wp\/v2\/users\/1"}],"replies":[{"embeddable":true,"href":"https:\/\/yourinnerdreams.com\/es\/wp-json\/wp\/v2\/comments?post=1383"}],"version-history":[{"count":14,"href":"https:\/\/yourinnerdreams.com\/es\/wp-json\/wp\/v2\/pages\/1383\/revisions"}],"predecessor-version":[{"id":1448,"href":"https:\/\/yourinnerdreams.com\/es\/wp-json\/wp\/v2\/pages\/1383\/revisions\/1448"}],"wp:attachment":[{"href":"https:\/\/yourinnerdreams.com\/es\/wp-json\/wp\/v2\/media?parent=1383"}],"curies":[{"name":"wp","href":"https:\/\/api.w.org\/{rel}","templated":true}]}}