{"id":1427,"date":"2023-05-05T23:47:56","date_gmt":"2023-05-05T23:47:56","guid":{"rendered":"http:\/\/yourinnerdreams.com\/?page_id=1427"},"modified":"2023-05-06T00:01:54","modified_gmt":"2023-05-06T00:01:54","slug":"what-to-expect","status":"publish","type":"page","link":"https:\/\/yourinnerdreams.com\/es\/what-to-expect\/","title":{"rendered":"Que esperar"},"content":{"rendered":"<div data-elementor-type=\"wp-page\" data-elementor-id=\"1427\" class=\"elementor elementor-1427\">\n\t\t\t\t\t\t<section class=\"elementor-section elementor-top-section elementor-element elementor-element-61647e0e elementor-section-boxed elementor-section-height-default elementor-section-height-default\" data-id=\"61647e0e\" data-element_type=\"section\" data-e-type=\"section\">\n\t\t\t\t\t\t<div class=\"elementor-container elementor-column-gap-default\">\n\t\t\t\t\t<div class=\"elementor-column elementor-col-100 elementor-top-column elementor-element elementor-element-2b3fe758\" data-id=\"2b3fe758\" data-element_type=\"column\" data-e-type=\"column\">\n\t\t\t<div class=\"elementor-widget-wrap elementor-element-populated\">\n\t\t\t\t\t\t<div class=\"elementor-element elementor-element-7e7f9a9 elementor-widget elementor-widget-spacer\" data-id=\"7e7f9a9\" data-element_type=\"widget\" data-e-type=\"widget\" data-widget_type=\"spacer.default\">\n\t\t\t\t<div class=\"elementor-widget-container\">\n\t\t\t\t\t\t\t<div class=\"elementor-spacer\">\n\t\t\t<div class=\"elementor-spacer-inner\"><\/div>\n\t\t<\/div>\n\t\t\t\t\t\t<\/div>\n\t\t\t\t<\/div>\n\t\t\t\t<div class=\"elementor-element elementor-element-0f2af00 elementor-widget elementor-widget-heading\" data-id=\"0f2af00\" data-element_type=\"widget\" data-e-type=\"widget\" data-widget_type=\"heading.default\">\n\t\t\t\t<div class=\"elementor-widget-container\">\n\t\t\t\t\t<h2 class=\"elementor-heading-title elementor-size-default\">Que Esperar<\/h2>\t\t\t\t<\/div>\n\t\t\t\t<\/div>\n\t\t\t\t<div class=\"elementor-element elementor-element-aa6054a elementor-widget elementor-widget-text-editor\" data-id=\"aa6054a\" data-element_type=\"widget\" data-e-type=\"widget\" data-widget_type=\"text-editor.default\">\n\t\t\t\t<div class=\"elementor-widget-container\">\n\t\t\t\t\t\t\t\t\t<p><span style=\"font-weight: 400;\">Nuestro enfoque respeta la cultura y el estilo de vida de los dem\u00e1s en el proceso de coaching vital, que puede realizarse en sesiones individuales en persona o en l\u00ednea.<\/span><\/p><p>\u00a0<\/p><p><span style=\"font-weight: 400;\">Todos los programas se ofrecen en sesiones individuales en persona o en l\u00ednea, as\u00ed como en formato de taller.<\/span><\/p>\t\t\t\t\t\t\t\t<\/div>\n\t\t\t\t<\/div>\n\t\t\t\t<div class=\"elementor-element elementor-element-9b08141 elementor-widget elementor-widget-heading\" data-id=\"9b08141\" data-element_type=\"widget\" data-e-type=\"widget\" data-widget_type=\"heading.default\">\n\t\t\t\t<div class=\"elementor-widget-container\">\n\t\t\t\t\t<h4 class=\"elementor-heading-title elementor-size-default\">\u00bfQu\u00e9 es un coach de vida?<\/h4>\t\t\t\t<\/div>\n\t\t\t\t<\/div>\n\t\t\t\t<div class=\"elementor-element elementor-element-6dfd4e5 elementor-widget elementor-widget-text-editor\" data-id=\"6dfd4e5\" data-element_type=\"widget\" data-e-type=\"widget\" data-widget_type=\"text-editor.default\">\n\t\t\t\t<div class=\"elementor-widget-container\">\n\t\t\t\t\t\t\t\t\t<p><span style=\"font-weight: 400;\">Un coach de vida es un profesional capacitado para ayudarte a descubrir todo tu potencial y guiarte para establecer metas que sean espec\u00edficas, medibles, alcanzables, realistas y programadas para lograr los resultados deseados.  Trabajar\u00e9 contigo para ayudarte a identificar los obst\u00e1culos que te detienen y a elaborar un plan para superarlos. El coaching de vida te capacitar\u00e1 para hacer los cambios necesarios para lograr una mayor realizaci\u00f3n en la vida.<\/span><\/p>\t\t\t\t\t\t\t\t<\/div>\n\t\t\t\t<\/div>\n\t\t\t\t<div class=\"elementor-element elementor-element-d4ea117 elementor-widget elementor-widget-text-editor\" data-id=\"d4ea117\" data-element_type=\"widget\" data-e-type=\"widget\" data-widget_type=\"text-editor.default\">\n\t\t\t\t<div class=\"elementor-widget-container\">\n\t\t\t\t\t\t\t\t\t<h4 class=\"elementor-heading-title elementor-size-default elementor-inline-editing pen\" contenteditable=\"true\" data-elementor-setting-key=\"title\" data-pen-placeholder=\"Type Here...\">Beneficios de tener un coach de vida<\/h4><ul><li style=\"font-weight: 400;\" aria-level=\"1\"><span style=\"font-weight: 400;\">Descubrir todo el potencial y la pasi\u00f3n de tu vida<\/span><\/li><li style=\"font-weight: 400;\" aria-level=\"1\"><span style=\"font-weight: 400;\">Tomar conciencia de los pensamientos y suposiciones que te mantienen estancada<\/span><\/li><li style=\"font-weight: 400;\" aria-level=\"1\"><span style=\"font-weight: 400;\">Aumentar la autoconciencia y la responsabilidad<\/span><\/li><li style=\"font-weight: 400;\" aria-level=\"1\"><span style=\"font-weight: 400;\">Establecer metas claras y un plan de acci\u00f3n para alcanzar tus metas<\/span><\/li><li style=\"font-weight: 400;\" aria-level=\"1\"><span style=\"font-weight: 400;\">Aprender habilidades para la resoluci\u00f3n de problemas<\/span><\/li><li style=\"font-weight: 400;\" aria-level=\"1\"><span style=\"font-weight: 400;\">Mejorar la comunicaci\u00f3n y las relaciones<\/span><\/li><\/ul><p><span style=\"font-weight: 400;\">\u00bfEst\u00e1s preparada para identificar tus creencias limitantes que te impiden alcanzar tu m\u00e1ximo potencial en la vida?<\/span><\/p><p>\u00a0<\/p><p><span style=\"font-weight: 400;\">\u00bfEst\u00e1s preparada para alcanzar tus metas y sue\u00f1os?<\/span><\/p><p><span style=\"font-weight: 400;\">\u00a0<\/span><\/p><p>\u00a0<\/p><p><strong>Si tu respuesta es s\u00ed, podemos ayudarte.<\/strong><\/p>\t\t\t\t\t\t\t\t<\/div>\n\t\t\t\t<\/div>\n\t\t\t\t<div class=\"elementor-element elementor-element-fd94b9e elementor-widget elementor-widget-button\" data-id=\"fd94b9e\" data-element_type=\"widget\" data-e-type=\"widget\" data-widget_type=\"button.default\">\n\t\t\t\t<div class=\"elementor-widget-container\">\n\t\t\t\t\t\t\t\t\t<div class=\"elementor-button-wrapper\">\n\t\t\t\t\t<a class=\"elementor-button elementor-button-link elementor-size-sm\" href=\"https:\/\/docs.google.com\/forms\/d\/e\/1FAIpQLSctNN8I0PwG3P9NeBN0lQYNGm2Jqx-7Y3WNnJa0JY7UW8oedw\/viewform\" target=\"_blank\">\n\t\t\t\t\t\t<span class=\"elementor-button-content-wrapper\">\n\t\t\t\t\t\t\t\t\t<span class=\"elementor-button-text\">Programa tu sesi\u00f3n GRATUITA de 1 hora<\/span>\n\t\t\t\t\t<\/span>\n\t\t\t\t\t<\/a>\n\t\t\t\t<\/div>\n\t\t\t\t\t\t\t\t<\/div>\n\t\t\t\t<\/div>\n\t\t\t\t<div class=\"elementor-element elementor-element-5df3f64 elementor-widget elementor-widget-spacer\" data-id=\"5df3f64\" data-element_type=\"widget\" data-e-type=\"widget\" data-widget_type=\"spacer.default\">\n\t\t\t\t<div class=\"elementor-widget-container\">\n\t\t\t\t\t\t\t<div class=\"elementor-spacer\">\n\t\t\t<div class=\"elementor-spacer-inner\"><\/div>\n\t\t<\/div>\n\t\t\t\t\t\t<\/div>\n\t\t\t\t<\/div>\n\t\t\t\t\t<\/div>\n\t\t<\/div>\n\t\t\t\t\t<\/div>\n\t\t<\/section>\n\t\t\t\t<\/div>","protected":false},"excerpt":{"rendered":"<p>What to expect Our approach respects the culture and lifestyle of others in the life coaching process, which can be done in individual sessions in person or online. \u00a0 All programs are offered in individual sessions in person or online, as well as in a workshop format. What is a life coach? A life coach&hellip;&nbsp;<a href=\"https:\/\/yourinnerdreams.com\/es\/what-to-expect\/\" rel=\"bookmark\">Read More &raquo;<span class=\"screen-reader-text\">Que esperar<\/span><\/a><\/p>","protected":false},"author":1,"featured_media":0,"parent":0,"menu_order":0,"comment_status":"closed","ping_status":"closed","template":"","meta":{"nf_dc_page":"","om_disable_all_campaigns":false,"_monsterinsights_skip_tracking":false,"_monsterinsights_sitenote_active":false,"_monsterinsights_sitenote_note":"","_monsterinsights_sitenote_category":0,"neve_meta_sidebar":"","neve_meta_container":"","neve_meta_enable_content_width":"","neve_meta_content_width":0,"neve_meta_title_alignment":"","neve_meta_author_avatar":"","neve_post_elements_order":"","neve_meta_disable_header":"","neve_meta_disable_footer":"","neve_meta_disable_title":"","footnotes":""},"class_list":["post-1427","page","type-page","status-publish","hentry"],"jetpack_sharing_enabled":true,"_links":{"self":[{"href":"https:\/\/yourinnerdreams.com\/es\/wp-json\/wp\/v2\/pages\/1427","targetHints":{"allow":["GET"]}}],"collection":[{"href":"https:\/\/yourinnerdreams.com\/es\/wp-json\/wp\/v2\/pages"}],"about":[{"href":"https:\/\/yourinnerdreams.com\/es\/wp-json\/wp\/v2\/types\/page"}],"author":[{"embeddable":true,"href":"https:\/\/yourinnerdreams.com\/es\/wp-json\/wp\/v2\/users\/1"}],"replies":[{"embeddable":true,"href":"https:\/\/yourinnerdreams.com\/es\/wp-json\/wp\/v2\/comments?post=1427"}],"version-history":[{"count":13,"href":"https:\/\/yourinnerdreams.com\/es\/wp-json\/wp\/v2\/pages\/1427\/revisions"}],"predecessor-version":[{"id":1445,"href":"https:\/\/yourinnerdreams.com\/es\/wp-json\/wp\/v2\/pages\/1427\/revisions\/1445"}],"wp:attachment":[{"href":"https:\/\/yourinnerdreams.com\/es\/wp-json\/wp\/v2\/media?parent=1427"}],"curies":[{"name":"wp","href":"https:\/\/api.w.org\/{rel}","templated":true}]}}